{"id":1736,"date":"2018-01-23T17:43:27","date_gmt":"2018-01-23T16:43:27","guid":{"rendered":"http:\/\/storm-flag.com\/wpst0rmfl4g\/?post_type=product&#038;p=1736"},"modified":"2024-03-29T22:54:55","modified_gmt":"2024-03-29T21:54:55","slug":"cornici","status":"publish","type":"product","link":"https:\/\/storm-flag.com\/wpst0rmfl4g\/product\/cornici\/","title":{"rendered":"Cornici"},"content":{"rendered":"<p>Cornice personalizzabile in alluminio componibile.<br \/>\nStampa realizzata in digitale su tessuto, risoluzione fotografica per la massima resa delle immagini.<br \/>\nIl telo \u00e8 confezionato con un bordo di silicone sul perimetro che permette la perfetta tensionatura all&#8217;interno della cornice pubblicitaria.<br \/>\nGrazie a questa bordatura il telo \u00e8 anche facilmente intercambile.<br \/>\nIl prodotto \u00e8 personalizzabile senza vincoli dimensionali, pu\u00f2 essere usato come photo frame, picture frame, cornice pubblicitaria ed \u00e8 la soluzione ideale per punti vendita, fiere, showroom, shops.<br \/>\nDisponibili diversi kit per il fissaggio a parete, a soffitto, a sospensione.<br \/>\nA seconda del posizionamento, della dimensione e dell&#8217;utilizzo viene proposto il profilo in alluminio dallo spessore pi\u00f9 idoneo: 19 mm, 26 mm oppure 44 mm.<br \/>\nIl profilo da 44 mm \u00e8 dotato di doppia cava che consente di montare due teli per ottenere una personalizzazione doubleside.<br \/>\nCome accessori del frame da 44 mm sono disponibili delle basi per rendere la cornice autoportante (modello Textile Frame).<br \/>\nIl textile frame pu\u00f2 essere allestito con un solo telo o con doppio telo (doubleside), anche con grafiche differenti fronte\/retro.<\/p>\n<p>Dimensioni standard cornici da parete, soffito:<br \/>\n&#8211; Frame basic 19 mm<br \/>\n&#8211; 50&#215;70 cm<br \/>\n&#8211; 70&#215;100 cm<br \/>\n&#8211; 100&#215;100 cm<br \/>\n&#8211; 150&#215;150 cm<br \/>\n&#8211; Frame standard da 26 mm<br \/>\n&#8211; 50&#215;70 cm<br \/>\n&#8211; 70&#215;100 cm<br \/>\n&#8211; 100&#215;100 cm<br \/>\n&#8211; 150&#215;150 cm<br \/>\n&#8211; Frame double da 44 mm<br \/>\n&#8211; 50&#215;70 cm<br \/>\n&#8211; 70&#215;100 cm<br \/>\n&#8211; 100&#215;100 cm<br \/>\n&#8211; 150&#215;150 cm<\/p>\n<p>Dimensioni standard Textile Frame con basi (versione autoportante &#8220;self-supporting frame&#8221;):<br \/>\n&#8211; Frame double da 44 mm<br \/>\n&#8211; 80&#215;200 cm<br \/>\n&#8211; 150&#215;200 cm<br \/>\n&#8211; 200&#215;200 cm<br \/>\n&#8211; 250&#215;200 cm<br \/>\n&#8211; 300&#215;200 cm<\/p>\n<p>A progetto possiamo realizzare anche frame dotati di illuminazione (Led light system).<br \/>\nI LED frame sono la soluzione ideale per showroom e fiere, grazie all&#8217;illuminazione uniforme su tutto il telo sono in grado di esaltare al massimo i colori delle grafiche.<br \/>\nPer questa soluzione viene utilizzato uno speciale tessuto, il backlit banner, idoneo ad essere retro illuminato.<\/p>\n<p><!--themify_builder_static--><!--\/themify_builder_static--><\/p>\n","protected":false},"excerpt":{"rendered":"<p>Cornice personalizzabile in alluminio componibile.<br \/>\nStampa realizzata in digitale su tessuto, risoluzione fotografica per la massima resa delle immagini.<br \/>\nIl telo \u00e8 confezionato con un bordo di silicone sul perimetro che permette la perfetta tensionatura all&#8217;interno della cornice pubblicitaria.<\/p>\n","protected":false},"featured_media":2119,"comment_status":"closed","ping_status":"closed","template":"","meta":[],"product_cat":[48],"product_tag":[],"class_list":{"0":"post-1736","1":"product","2":"type-product","3":"status-publish","4":"has-post-thumbnail","6":"product_cat-rollup","7":"has-post-title","8":"has-post-date","9":"has-post-category","10":"has-post-tag","11":"has-post-comment","12":"has-post-author","13":"","15":"first","16":"instock","17":"shipping-taxable","18":"product-type-simple"},"aioseo_notices":[],"builder_content":"","_links":{"self":[{"href":"https:\/\/storm-flag.com\/wpst0rmfl4g\/wp-json\/wp\/v2\/product\/1736","targetHints":{"allow":["GET"]}}],"collection":[{"href":"https:\/\/storm-flag.com\/wpst0rmfl4g\/wp-json\/wp\/v2\/product"}],"about":[{"href":"https:\/\/storm-flag.com\/wpst0rmfl4g\/wp-json\/wp\/v2\/types\/product"}],"replies":[{"embeddable":true,"href":"https:\/\/storm-flag.com\/wpst0rmfl4g\/wp-json\/wp\/v2\/comments?post=1736"}],"wp:featuredmedia":[{"embeddable":true,"href":"https:\/\/storm-flag.com\/wpst0rmfl4g\/wp-json\/wp\/v2\/media\/2119"}],"wp:attachment":[{"href":"https:\/\/storm-flag.com\/wpst0rmfl4g\/wp-json\/wp\/v2\/media?parent=1736"}],"wp:term":[{"taxonomy":"product_cat","embeddable":true,"href":"https:\/\/storm-flag.com\/wpst0rmfl4g\/wp-json\/wp\/v2\/product_cat?post=1736"},{"taxonomy":"product_tag","embeddable":true,"href":"https:\/\/storm-flag.com\/wpst0rmfl4g\/wp-json\/wp\/v2\/product_tag?post=1736"}],"curies":[{"name":"wp","href":"https:\/\/api.w.org\/{rel}","templated":true}]}}