{"id":1916,"date":"2018-01-24T15:27:39","date_gmt":"2018-01-24T14:27:39","guid":{"rendered":"http:\/\/storm-flag.com\/wpst0rmfl4g\/?post_type=product&#038;p=1916"},"modified":"2024-03-29T22:55:10","modified_gmt":"2024-03-29T21:55:10","slug":"golf-banner","status":"publish","type":"product","link":"https:\/\/storm-flag.com\/wpst0rmfl4g\/product\/golf-banner\/","title":{"rendered":"Golf banner"},"content":{"rendered":"<p>Golf Banner o Bean Banner \u00e8 un espositore appositamente studiato per i campi da golf e tutti gli eventi outdoor.<br \/>\nLa struttura a popup si monta immediatamente grazie all&#8217;elasticit\u00e0 della fibra di vetro.<br \/>\nFacilmente trasportabile, il prodotto viene fornito con sacca per il trasporto e picchetti per il fissaggio.<br \/>\nUna volta terminato l&#8217;uso \u00e8 sufficiente ripiegare la struttura su se stessa e riporla nella sacca, cos\u00ec facendo il pop up sar\u00e0 gi\u00e0 pronto all&#8217;uso.<br \/>\nGrazie alla stampa digitale non si hanno vincoli di colori o immagini.<br \/>\nIl golf banner \u00e8 realizzato con due teli antipiega, e grazie alla fibra di vetro i banner sono perfettamente in tensione.<br \/>\nQuesto display pu\u00f2 essere personalizzato anche con grafiche differenti fronte\/retro (doubleside).<br \/>\nGolf banner \u00e8 disponibile in diversi formati e dimensioni, dalla versione classica a fagiolo (bean banner) alle versioni totem a tre lati.<\/p>\n<p>Formati e dimensioni standard:<\/p>\n<p>&#8211; Golf banner Ovale<br \/>\n&#8211; cm 120&#215;70<br \/>\n&#8211; cm 180&#215;115<br \/>\n&#8211; cm 200&#215;100<br \/>\n&#8211; cm 250&#215;100<br \/>\n&#8211; cm 273&#215;136<\/p>\n<p>&#8211; Golf banner Circolare<br \/>\n&#8211; cm \u00f8150<\/p>\n<p>&#8211; Golf banner Triangolare<br \/>\n&#8211; cm 150&#215;160<\/p>\n<p>&#8211; Golf banner Quadrato<br \/>\n&#8211; cm 140&#215;140<\/p>\n<p>&#8211; Golf banner Rettangolare<br \/>\n&#8211; cm 150&#215;75<br \/>\n&#8211; cm 200&#215;100<br \/>\n&#8211; cm 200&#215;140<br \/>\n&#8211; cm 250&#215;100<br \/>\n&#8211; cm 300&#215;100<\/p>\n<p>&#8211; Golf banner Totem bifacciale<br \/>\n&#8211; cm 100&#215;150<br \/>\n&#8211; cm 100&#215;200<br \/>\n&#8211; cm 75&#215;250<br \/>\n&#8211; cm 100&#215;300<\/p>\n<p>&#8211; Golf banner Totem trifacciale<br \/>\n&#8211; cm 100&#215;200<\/p>\n<p><!--themify_builder_static--><!--\/themify_builder_static--><\/p>\n","protected":false},"excerpt":{"rendered":"<p>Golf Banner o Bean Banner \u00e8 un espositore appositamente studiato per i campi da golf e tutti gli eventi outdoor.<br \/>\nLa struttura a popup si monta immediatamente grazie all&#8217;elasticit\u00e0 della fibra di vetro.<br \/>\nFacilmente trasportabile, il prodotto viene fornito con sacca per il trasporto e picchetti per il fissaggio.<br \/>\nUna volta terminato l&#8217;uso \u00e8 sufficiente ripiegare la struttura su se stessa e riporla nella sacca, cos\u00ec facendo il pop up sar\u00e0 gi\u00e0 pronto all&#8217;uso.<\/p>\n","protected":false},"featured_media":2117,"comment_status":"closed","ping_status":"closed","template":"","meta":[],"product_cat":[48],"product_tag":[],"class_list":{"0":"post-1916","1":"product","2":"type-product","3":"status-publish","4":"has-post-thumbnail","6":"product_cat-rollup","7":"has-post-title","8":"has-post-date","9":"has-post-category","10":"has-post-tag","11":"has-post-comment","12":"has-post-author","13":"","15":"first","16":"instock","17":"shipping-taxable","18":"product-type-simple"},"aioseo_notices":[],"builder_content":"","_links":{"self":[{"href":"https:\/\/storm-flag.com\/wpst0rmfl4g\/wp-json\/wp\/v2\/product\/1916","targetHints":{"allow":["GET"]}}],"collection":[{"href":"https:\/\/storm-flag.com\/wpst0rmfl4g\/wp-json\/wp\/v2\/product"}],"about":[{"href":"https:\/\/storm-flag.com\/wpst0rmfl4g\/wp-json\/wp\/v2\/types\/product"}],"replies":[{"embeddable":true,"href":"https:\/\/storm-flag.com\/wpst0rmfl4g\/wp-json\/wp\/v2\/comments?post=1916"}],"wp:featuredmedia":[{"embeddable":true,"href":"https:\/\/storm-flag.com\/wpst0rmfl4g\/wp-json\/wp\/v2\/media\/2117"}],"wp:attachment":[{"href":"https:\/\/storm-flag.com\/wpst0rmfl4g\/wp-json\/wp\/v2\/media?parent=1916"}],"wp:term":[{"taxonomy":"product_cat","embeddable":true,"href":"https:\/\/storm-flag.com\/wpst0rmfl4g\/wp-json\/wp\/v2\/product_cat?post=1916"},{"taxonomy":"product_tag","embeddable":true,"href":"https:\/\/storm-flag.com\/wpst0rmfl4g\/wp-json\/wp\/v2\/product_tag?post=1916"}],"curies":[{"name":"wp","href":"https:\/\/api.w.org\/{rel}","templated":true}]}}